{"id":242,"date":"2022-09-29T10:22:45","date_gmt":"2022-09-29T07:22:45","guid":{"rendered":"http:\/\/alternatifuygulamalar.kastamonu.edu.tr\/?page_id=13"},"modified":"2026-02-14T10:14:28","modified_gmt":"2026-02-14T10:14:28","slug":"etkinlik-bilgileri","status":"publish","type":"page","link":"https:\/\/hipotezdenurune.com\/?page_id=242","title":{"rendered":"Etkinlik Bilgileri"},"content":{"rendered":"<p style=\"text-align: left;\"><strong><u>Etkinli\u011fin Amac\u0131<\/u><\/strong><\/p>\n<p style=\"text-align: left;\">Bu etkinli\u011fin temel amac\u0131; Biyolojik Bilimler <strong>(tercihen; Biyoloji, Molek\u00fcler Biyoloji ve Genetik, Biyomedikal M\u00fchendisli\u011fi,\u00a0 Genetik ve Biyom\u00fchendislik, Biyokimya, Biyoteknoloji b\u00f6l\u00fcmlerinden)<\/strong> ve Uygulamal\u0131 Do\u011fa Bilimleri <strong>( tercihen; M\u00fchendislik ve Do\u011fa Bilimleri, \u00c7evre M\u00fchendisli\u011fi, Orman M\u00fchendisli\u011fi, Orman End\u00fcstri M\u00fchendisli\u011fi, A\u011fa\u00e7 \u0130\u015fleri ve End\u00fcstri M\u00fchendisli\u011fi, Ziraat M\u00fchendisli\u011fi b\u00f6l\u00fcmlerinden )<\/strong> alanlar\u0131nda doktora \u00f6\u011frencileri ve akademisyenlerin oldu\u011fu (tercihen Ar.G\u00f6r.Dr., \u00d6\u011fr.G\u00f6r., Dr.\u00d6\u011fr.\u00dcyesi) gen\u00e7 ara\u015ft\u0131rmac\u0131lar\u0131n\u00a0 \u201chipotezden \u00fcr\u00fcne\u201d hedefi do\u011frultusunda\u00a0 y\u00fcr\u00fctecekleri bilimsel ara\u015ft\u0131rma faaliyetlerinde\u00a0 ihtiya\u00e7 duyduklar\u0131 donan\u0131m ve becerilerin edinilmesinin sa\u011flanmas\u0131d\u0131r. Bu ba\u011flamda \u201cara\u015ft\u0131rmac\u0131\u201d olarak kat\u0131ld\u0131klar\u0131 e\u011fitim etkinli\u011fi sonunda birer \u201cgiri\u015fimci-ara\u015ft\u0131rmac\u0131\u201d bak\u0131\u015f a\u00e7\u0131s\u0131 ve fark\u0131ndal\u0131\u011f\u0131 kazanm\u0131\u015f olarak e\u011fitim etkinli\u011fini tamamlamalar\u0131\u00a0 hedeflenmektedir. A\u015fa\u011f\u0131da belirtilen yedi ana ba\u015fl\u0131k alt\u0131nda ger\u00e7ekle\u015ftirilecek e\u011fitim oturumlar\u0131 ile bu kazan\u0131mlar\u0131n edinilmesi ama\u00e7lanmaktad\u0131r.<\/p>\n<ul style=\"text-align: left;\">\n<li>Ara\u015ft\u0131rma konusunun se\u00e7imi ve hipotez kurma<\/li>\n<li>Ara\u015ft\u0131rman\u0131n planlanmas\u0131 ve projelendirilmesi<\/li>\n<li>Bilimsel ara\u015ft\u0131rmalar s\u0131ras\u0131nda kullan\u0131lacak y\u00f6ntem ve metodolojiler<\/li>\n<li>Ara\u015ft\u0131rma sonu\u00e7lar\u0131n\u0131n analizi ve d\u00f6k\u00fcmantasyonu<\/li>\n<li>Bilimsel \u00e7\u0131kt\u0131n\u0131n \u00fcr\u00fcne d\u00f6n\u00fc\u015f\u00fcm a\u015famalar\u0131nda fikri m\u00fclkiyet ve patent koruma s\u00fcre\u00e7lerinin y\u00f6netilmesi<\/li>\n<li>\u201cHipotezden \u00fcr\u00fcne\u201d hedefi do\u011frultusunda \u201cAra\u015ft\u0131rmac\u0131\u201d ekseninden \u201cGiri\u015fimci-Ara\u015ft\u0131rmac\u0131\u201d eksenine d\u00f6n\u00fc\u015f\u00fcm<\/li>\n<li>\u00dcr\u00fcne d\u00f6n\u00fc\u015f\u00fcm ve ticarile\u015fme s\u00fcre\u00e7lerinde teknoloji transfer ofisleri ve teknokentlerin \u00fcstlendikleri roller<\/li>\n<\/ul>\n<p style=\"text-align: left;\">Farkl\u0131 disiplinlerden e\u011fitmenler taraf\u0131ndan verilecek gerek teorik gerekse de uygulamal\u0131 e\u011fitim oturumlar\u0131n\u0131n olaca\u011f\u0131 etkinlikte kat\u0131l\u0131mc\u0131lar\u0131n \u201cgiri\u015fimci-ara\u015ft\u0131rmac\u0131\u201d bak\u0131\u015f a\u00e7\u0131s\u0131 ve fark\u0131ndal\u0131\u011f\u0131 kazanm\u0131\u015f olarak e\u011fitim etkinli\u011fini tamamlamalar\u0131\u00a0 hedeflenmektedir. Gerek e\u011fitim oturumlar\u0131n\u0131n i\u00e7erikleri gerekse de farkl\u0131 disiplinlerden kat\u0131l\u0131m sa\u011flayan e\u011fitmen hocalar\u0131m\u0131z y\u00fcr\u00fctt\u00fckleri farkl\u0131 proje t\u00fcrlerindeki deneyimlerini ve ilgili disiplindeki donan\u0131m ve tecr\u00fcbelerini kat\u0131l\u0131mc\u0131lara aktarmalar\u0131 ile bu d\u00f6n\u00fc\u015f\u00fcm\u00fcn sa\u011flanmas\u0131 hedeflenmektedir. Kat\u0131l\u0131mc\u0131lar\u0131n \u201cgiri\u015fimci-ara\u015ft\u0131rmac\u0131\u201d bak\u0131\u015f a\u00e7\u0131s\u0131 ve fark\u0131ndal\u0131\u011f\u0131n\u0131 kazanm\u0131\u015f olarak e\u011fitim etkinli\u011finden ayr\u0131lmalar\u0131 ve bundan sonra y\u00fcr\u00fctecekleri ara\u015ft\u0131rma faaliyetlerinde bu bak\u0131\u015f a\u00e7\u0131s\u0131 ile \u00a0\u201chipotezden \u00fcr\u00fcne\u201c hedefi do\u011frultusunda bilimsel ara\u015ft\u0131rmalar\u0131n\u0131 y\u00fcr\u00fctmeleri e\u011fitim etkinli\u011finin nihai hedefidir.<\/p>\n<p style=\"text-align: left;\"><strong><u>Etkinli\u011fin Kapsam\u0131<\/u><\/strong><\/p>\n<p style=\"text-align: left;\">Be\u015f g\u00fcn boyunca s\u00fcrecek e\u011fitim etkinli\u011finde yer alacak kat\u0131l\u0131mc\u0131 profili; Biyolojik Bilimler <strong>(tercihen; Biyoloji, Molek\u00fcler Biyoloji ve Genetik, Biyomedikal M\u00fchendisli\u011fi,\u00a0 Genetik ve Biyom\u00fchendislik, Biyokimya, Biyoteknoloji b\u00f6l\u00fcmlerinden)<\/strong> ve Uygulamal\u0131 Do\u011fa Bilimleri <strong>( tercihen; M\u00fchendislik ve Do\u011fa Bilimleri, \u00c7evre M\u00fchendisli\u011fi, Orman M\u00fchendisli\u011fi, Orman End\u00fcstri M\u00fchendisli\u011fi, A\u011fa\u00e7 \u0130\u015fleri ve End\u00fcstri M\u00fchendisli\u011fi, Ziraat M\u00fchendisli\u011fi b\u00f6l\u00fcmlerinden )<\/strong> alanlar\u0131ndan doktora \u00f6\u011frencileri ve akademisyenlerin oldu\u011fu (tercihen Ar.G\u00f6r.Dr., \u00d6\u011fr.G\u00f6r., Dr.\u00d6\u011fr.\u00dcyesi) gen\u00e7 ara\u015ft\u0131rmac\u0131lardan olu\u015fan 20 ki\u015filik bir kat\u0131l\u0131mc\u0131 grubu olarak belirlenmi\u015ftir. Kat\u0131l\u0131mc\u0131lara, \u201chipotezden \u00fcr\u00fcne\u201c hedefi do\u011frultusunda yapacaklar\u0131 bilimsel ara\u015ft\u0131rmalarda bilimsel ara\u015ft\u0131rma s\u00fcrecinin temel bile\u015fenleri olan;<\/p>\n<ul style=\"text-align: left;\">\n<li>Ara\u015ft\u0131rma konusunun se\u00e7imi ve hipotez kurma<\/li>\n<li>Ara\u015ft\u0131rman\u0131n planlanmas\u0131 ve projelendirilmesi<\/li>\n<li>Bilimsel ara\u015ft\u0131rmalar s\u0131ras\u0131nda kullan\u0131lacak y\u00f6ntem ve metodolojiler<\/li>\n<li>Ara\u015ft\u0131rma sonu\u00e7lar\u0131n\u0131n analizi ve d\u00f6k\u00fcmantasyonu<\/li>\n<li>Bilimsel \u00e7\u0131kt\u0131n\u0131n \u00fcr\u00fcne d\u00f6n\u00fc\u015f\u00fcm a\u015famalar\u0131nda fikri m\u00fclkiyet ve patent koruma s\u00fcre\u00e7lerinin y\u00f6netilmesi<\/li>\n<li>\u201cHipotezden \u00fcr\u00fcne\u201d hedefine ula\u015fmada \u201cAra\u015ft\u0131rmac\u0131\u201d ekseninden \u201cGiri\u015fimci-Ara\u015ft\u0131rmac\u0131\u201d eksenine d\u00f6n\u00fc\u015f\u00fcm<\/li>\n<li>\u00dcr\u00fcne d\u00f6n\u00fc\u015f\u00fcm ve ticarile\u015fme s\u00fcre\u00e7lerinde teknoloji transfer ofisleri ve teknokentlerin \u00fcstlendikleri roller<\/li>\n<\/ul>\n<p style=\"text-align: left;\">\n<p style=\"text-align: left;\">Ba\u015fl\u0131klar\u0131 alt\u0131nda alanlar\u0131nda ment\u00f6r say\u0131lan \u00e7ok de\u011ferli hocalar\u0131nda oldu\u011fu farkl\u0131 \u00fcniversite, enstit\u00fc ve ara\u015ft\u0131rma merkezlerinden akademisyen ve uzmanlardan olu\u015fan zengin bir e\u011fitmen grubu e\u015fli\u011finde ve e\u011fitmenlerin uzmanl\u0131k alanlar\u0131 ve y\u00fcr\u00fctm\u00fc\u015f olduklar\u0131 projeler do\u011frultusunda olu\u015fturulan spesifik alt ba\u015fl\u0131klar alt\u0131nda e\u011fitim oturumlar\u0131 ger\u00e7ekle\u015ftirilecektir. Farkl\u0131 disiplinlerden kalabal\u0131k bir e\u011fitici grubunun kat\u0131l\u0131m\u0131yla ger\u00e7ekle\u015ftirilecek e\u011fitim etkinli\u011finde gerek teorik gerekse de uygulamal\u0131 e\u011fitim oturumlar\u0131n\u0131n yan\u0131 s\u0131ra proje y\u00fcr\u00fct\u00fcc\u00fcs\u00fc ve kat\u0131l\u0131mc\u0131larla birlikte g\u00fcn sonu de\u011ferlendirme oturumlar\u0131 icra edilecek ve kat\u0131l\u0131mc\u0131lar\u0131n o g\u00fcne dair kazan\u0131mlar\u0131 da tespit edilmeye \u00e7al\u0131\u015f\u0131lacakt\u0131r.<\/p>\n<h2 style=\"text-align: left;\">* Kat\u0131l\u0131mc\u0131lar\u0131n konaklama ve yol giderleri 2237-A E\u011fitim Etkinliklerini Destekleme Program\u0131 proje b\u00fct\u00e7esi\u00a0 kapsam\u0131nda T\u00dcB\u0130TAK deste\u011fi ile kar\u015f\u0131lanacakt\u0131r.<\/h2>\n","protected":false},"excerpt":{"rendered":"<p>Etkinli\u011fin Amac\u0131 Bu etkinli\u011fin temel amac\u0131; Biyolojik Bilimler (tercihen; Biyoloji, Molek\u00fcler Biyoloji ve Genetik, Biyomedikal M\u00fchendisli\u011fi,\u00a0 Genetik ve Biyom\u00fchendislik, Biyokimya, Biyoteknoloji b\u00f6l\u00fcmlerinden) ve Uygulamal\u0131 Do\u011fa Bilimleri ( tercihen; M\u00fchendislik ve Do\u011fa Bilimleri, \u00c7evre M\u00fchendisli\u011fi, Orman M\u00fchendisli\u011fi, Orman End\u00fcstri M\u00fchendisli\u011fi, A\u011fa\u00e7 \u0130\u015fleri ve End\u00fcstri M\u00fchendisli\u011fi, Ziraat M\u00fchendisli\u011fi b\u00f6l\u00fcmlerinden ) alanlar\u0131nda doktora \u00f6\u011frencileri ve akademisyenlerin oldu\u011fu (tercihen &hellip; <\/p>\n","protected":false},"author":1,"featured_media":0,"parent":0,"menu_order":0,"comment_status":"closed","ping_status":"closed","template":"","meta":[],"_links":{"self":[{"href":"https:\/\/hipotezdenurune.com\/index.php?rest_route=\/wp\/v2\/pages\/242"}],"collection":[{"href":"https:\/\/hipotezdenurune.com\/index.php?rest_route=\/wp\/v2\/pages"}],"about":[{"href":"https:\/\/hipotezdenurune.com\/index.php?rest_route=\/wp\/v2\/types\/page"}],"author":[{"embeddable":true,"href":"https:\/\/hipotezdenurune.com\/index.php?rest_route=\/wp\/v2\/users\/1"}],"replies":[{"embeddable":true,"href":"https:\/\/hipotezdenurune.com\/index.php?rest_route=%2Fwp%2Fv2%2Fcomments&post=242"}],"version-history":[{"count":6,"href":"https:\/\/hipotezdenurune.com\/index.php?rest_route=\/wp\/v2\/pages\/242\/revisions"}],"predecessor-version":[{"id":700,"href":"https:\/\/hipotezdenurune.com\/index.php?rest_route=\/wp\/v2\/pages\/242\/revisions\/700"}],"wp:attachment":[{"href":"https:\/\/hipotezdenurune.com\/index.php?rest_route=%2Fwp%2Fv2%2Fmedia&parent=242"}],"curies":[{"name":"wp","href":"https:\/\/api.w.org\/{rel}","templated":true}]}}