{"id":20,"date":"2022-09-29T10:22:45","date_gmt":"2022-09-29T07:22:45","guid":{"rendered":"http:\/\/alternatifuygulamalar.kastamonu.edu.tr\/?page_id=20"},"modified":"2024-04-12T12:36:50","modified_gmt":"2024-04-12T12:36:50","slug":"iletisim","status":"publish","type":"page","link":"https:\/\/hipotezdenurune.com\/?page_id=20","title":{"rendered":"\u0130leti\u015fim"},"content":{"rendered":"<p><strong>Dr. Aysun \u0130nan Gen\u00e7<\/strong><\/p>\n<p><strong>email: ainangenc@kastamonu.edu.tr<\/strong><\/p>\n","protected":false},"excerpt":{"rendered":"<p>Dr. Aysun \u0130nan Gen\u00e7 email: ainangenc@kastamonu.edu.tr<\/p>\n","protected":false},"author":1,"featured_media":0,"parent":0,"menu_order":0,"comment_status":"closed","ping_status":"closed","template":"","meta":[],"_links":{"self":[{"href":"https:\/\/hipotezdenurune.com\/index.php?rest_route=\/wp\/v2\/pages\/20"}],"collection":[{"href":"https:\/\/hipotezdenurune.com\/index.php?rest_route=\/wp\/v2\/pages"}],"about":[{"href":"https:\/\/hipotezdenurune.com\/index.php?rest_route=\/wp\/v2\/types\/page"}],"author":[{"embeddable":true,"href":"https:\/\/hipotezdenurune.com\/index.php?rest_route=\/wp\/v2\/users\/1"}],"replies":[{"embeddable":true,"href":"https:\/\/hipotezdenurune.com\/index.php?rest_route=%2Fwp%2Fv2%2Fcomments&post=20"}],"version-history":[{"count":2,"href":"https:\/\/hipotezdenurune.com\/index.php?rest_route=\/wp\/v2\/pages\/20\/revisions"}],"predecessor-version":[{"id":449,"href":"https:\/\/hipotezdenurune.com\/index.php?rest_route=\/wp\/v2\/pages\/20\/revisions\/449"}],"wp:attachment":[{"href":"https:\/\/hipotezdenurune.com\/index.php?rest_route=%2Fwp%2Fv2%2Fmedia&parent=20"}],"curies":[{"name":"wp","href":"https:\/\/api.w.org\/{rel}","templated":true}]}}