{"id":17,"date":"2022-09-29T10:22:45","date_gmt":"2022-09-29T07:22:45","guid":{"rendered":"http:\/\/alternatifuygulamalar.kastamonu.edu.tr\/?page_id=17"},"modified":"2026-02-14T10:22:25","modified_gmt":"2026-02-14T10:22:25","slug":"konaklama","status":"publish","type":"page","link":"https:\/\/hipotezdenurune.com\/?page_id=17","title":{"rendered":"Konaklama"},"content":{"rendered":"<p>Kat\u0131l\u0131mc\u0131lar ve fakl\u0131 \u00fcniversite ve ara\u015ft\u0131rma merkezlerinden gelen e\u011fitimciler i\u00e7in Kastamonu \u00dcniversitesi Kuzeykent Kamp\u00fcs\u00fcnde yer alan Prof. Dr. Mevl\u00fct Beyribey Konukevi ve Turizm Fak\u00fcltesi Parlayan Y\u0131ld\u0131z Konukevi\u2019nde konaklamas\u0131 planlanmaktad\u0131r.<br \/>\u200b<br \/>Prof. Dr. Mevl\u00fct Beyribey Konukevi 13 oda, 26 yatak kapasitelidir. B\u00fcnyesinde bulundurdu\u011fu kahvalt\u0131 ve yemek salonu 80 ki\u015fi kapasitelidir. Kastamonu \u00dcniversitesi Turizm Fak\u00fcltesi Parlayan Y\u0131ld\u0131z Konukevinin konaklama b\u00f6l\u00fcm\u00fc 6 oda, 14 yatak kapasitelidir. Do\u011falgaz \u0131s\u0131tma sistemli konukevinde her odada modern wc-banyo, mini buzdolab\u0131, \u00fccretsiz wireless ba\u011flant\u0131s\u0131,\u00a0 telefon, 24 saat s\u0131cak su ve televizyon bulunmaktad\u0131r.<\/p>\n<h3>* Kat\u0131l\u0131mc\u0131lar\u0131n konaklama ve yol giderleri 2237-A E\u011fitim Etkinliklerini Destekleme Program\u0131 proje b\u00fct\u00e7esi kapsam\u0131nda T\u00dcB\u0130TAK deste\u011fi ile kar\u015f\u0131lanacakt\u0131r.<\/h3>\n\n\n<div class=\"wp-block-file\"><object class=\"wp-block-file__embed\" data=\"https:\/\/hipotezdenurune.com\/wp-content\/uploads\/2023\/08\/Kastamonu-Universitesi-Konaklama-Tesisleri.pdf\" type=\"application\/pdf\" style=\"width:100%;height:600px\" aria-label=\"Kastamonu \u00dcniversitesi Konaklama Tesisleri g\u00f6m\u00fcs\u00fc.\"><\/object><a id=\"wp-block-file--media-4a7c9d94-b39b-49e4-99f1-4ce27b3f69db\" href=\"https:\/\/hipotezdenurune.com\/wp-content\/uploads\/2023\/08\/Kastamonu-Universitesi-Konaklama-Tesisleri.pdf\">Kastamonu \u00dcniversitesi Konaklama Tesisleri<\/a><a href=\"https:\/\/hipotezdenurune.com\/wp-content\/uploads\/2023\/08\/Kastamonu-Universitesi-Konaklama-Tesisleri.pdf\" class=\"wp-block-file__button wp-element-button\" download aria-describedby=\"wp-block-file--media-4a7c9d94-b39b-49e4-99f1-4ce27b3f69db\">\u0130ndir<\/a><\/div>\n","protected":false},"excerpt":{"rendered":"<p>Kat\u0131l\u0131mc\u0131lar ve fakl\u0131 \u00fcniversite ve ara\u015ft\u0131rma merkezlerinden gelen e\u011fitimciler i\u00e7in Kastamonu \u00dcniversitesi Kuzeykent Kamp\u00fcs\u00fcnde yer alan Prof. Dr. Mevl\u00fct Beyribey Konukevi ve Turizm Fak\u00fcltesi Parlayan Y\u0131ld\u0131z Konukevi\u2019nde konaklamas\u0131 planlanmaktad\u0131r.\u200bProf. Dr. Mevl\u00fct Beyribey Konukevi 13 oda, 26 yatak kapasitelidir. B\u00fcnyesinde bulundurdu\u011fu kahvalt\u0131 ve yemek salonu 80 ki\u015fi kapasitelidir. Kastamonu \u00dcniversitesi Turizm Fak\u00fcltesi Parlayan Y\u0131ld\u0131z Konukevinin konaklama &hellip; <\/p>\n","protected":false},"author":1,"featured_media":0,"parent":0,"menu_order":0,"comment_status":"closed","ping_status":"closed","template":"","meta":[],"_links":{"self":[{"href":"https:\/\/hipotezdenurune.com\/index.php?rest_route=\/wp\/v2\/pages\/17"}],"collection":[{"href":"https:\/\/hipotezdenurune.com\/index.php?rest_route=\/wp\/v2\/pages"}],"about":[{"href":"https:\/\/hipotezdenurune.com\/index.php?rest_route=\/wp\/v2\/types\/page"}],"author":[{"embeddable":true,"href":"https:\/\/hipotezdenurune.com\/index.php?rest_route=\/wp\/v2\/users\/1"}],"replies":[{"embeddable":true,"href":"https:\/\/hipotezdenurune.com\/index.php?rest_route=%2Fwp%2Fv2%2Fcomments&post=17"}],"version-history":[{"count":5,"href":"https:\/\/hipotezdenurune.com\/index.php?rest_route=\/wp\/v2\/pages\/17\/revisions"}],"predecessor-version":[{"id":705,"href":"https:\/\/hipotezdenurune.com\/index.php?rest_route=\/wp\/v2\/pages\/17\/revisions\/705"}],"wp:attachment":[{"href":"https:\/\/hipotezdenurune.com\/index.php?rest_route=%2Fwp%2Fv2%2Fmedia&parent=17"}],"curies":[{"name":"wp","href":"https:\/\/api.w.org\/{rel}","templated":true}]}}