{"id":16,"date":"2022-09-29T10:22:45","date_gmt":"2022-09-29T07:22:45","guid":{"rendered":"http:\/\/alternatifuygulamalar.kastamonu.edu.tr\/?page_id=16"},"modified":"2026-02-14T10:22:48","modified_gmt":"2026-02-14T10:22:48","slug":"etkinlik-yeri","status":"publish","type":"page","link":"https:\/\/hipotezdenurune.com\/?page_id=16","title":{"rendered":"Etkinlik Yeri"},"content":{"rendered":"<p><strong><u>Etkinlik D\u00fczenlenecek Yer<\/u><\/strong><strong><u>:<\/u><\/strong><\/p>\n<p>Proje etkinli\u011fi 13-17 Nisan 2026 tarihleri aras\u0131nda Kastamonu \u00dcniversitesi Kuzeykent Yerle\u015fkesi\u2019nde ger\u00e7ekle\u015ftirilecektir. Proje etkinli\u011fi kapsam\u0131ndaki e\u011fitim seminerleri i\u00e7in Kastamonu \u00dcniversitesi Kuzeykent Yerle\u015fkesi\u2019nde yer alan Teknoloji Transfer Ofisi toplant\u0131 salonlar\u0131 kullan\u0131lacakt\u0131r. Toplant\u0131 salonlar\u0131 60 ki\u015fi kapasitelidir. Belirtilen toplant\u0131 salonlar\u0131nda, verilecek e\u011fitim ve \u00f6\u011fretim faaliyetlerinin desteklenmesi i\u00e7in gerekli her t\u00fcrl\u00fc teknik materyal ve elektronik altyap\u0131 mevcuttur.\u00a0 Ayr\u0131ca <u>toplant\u0131 s\u0131ras\u0131nda ihtiya\u00e7 duyulacak teknik destek ve hizmet deste\u011fi Teknoloji Transfer Ofisi destek personelinden sa\u011flanacakt\u0131r<\/u>. Etkinlik s\u0131ras\u0131nda ger\u00e7ekle\u015ftirilecek uygulamal\u0131 e\u011fitimler, Kastamonu \u00dcniversitesi Merkezi Ara\u015ft\u0131rma Laboratuvarlar\u0131 ilgili birimlerinde ve ayr\u0131ca Kastamonu \u00dcniversitesi Fen Fak\u00fcltesi ve Orman Fak\u00fcltesi b\u00fcnyesindeki ara\u015ft\u0131rma laboratuvarlar\u0131nda icra edilecektir.<\/p>\n<h3>* Kat\u0131l\u0131mc\u0131lar\u0131n konaklama ve yol giderleri 2237-A E\u011fitim Etkinliklerini Destekleme Program\u0131 proje b\u00fct\u00e7esi kapsam\u0131nda T\u00dcB\u0130TAK deste\u011fi ile kar\u015f\u0131lanacakt\u0131r.<\/h3>\n<p>\u00a0<\/p>\n\n\n<div class=\"wp-block-file\"><object class=\"wp-block-file__embed\" data=\"https:\/\/hipotezdenurune.com\/wp-content\/uploads\/2023\/08\/Etkinlik-Toplanti-Salonlari.pdf\" type=\"application\/pdf\" style=\"width:100%;height:600px\" aria-label=\"Etkinlik Toplant\u0131 Salonlar\u0131 g\u00f6m\u00fcs\u00fc.\"><\/object><a id=\"wp-block-file--media-2e7795b0-4d99-48b2-a91c-3c61637776c0\" href=\"https:\/\/hipotezdenurune.com\/wp-content\/uploads\/2023\/08\/Etkinlik-Toplanti-Salonlari.pdf\">Etkinlik Toplant\u0131 Salonlar\u0131<\/a><a href=\"https:\/\/hipotezdenurune.com\/wp-content\/uploads\/2023\/08\/Etkinlik-Toplanti-Salonlari.pdf\" class=\"wp-block-file__button wp-element-button\" download aria-describedby=\"wp-block-file--media-2e7795b0-4d99-48b2-a91c-3c61637776c0\">\u0130ndir<\/a><\/div>\n","protected":false},"excerpt":{"rendered":"<p>Etkinlik D\u00fczenlenecek Yer: Proje etkinli\u011fi 13-17 Nisan 2026 tarihleri aras\u0131nda Kastamonu \u00dcniversitesi Kuzeykent Yerle\u015fkesi\u2019nde ger\u00e7ekle\u015ftirilecektir. Proje etkinli\u011fi kapsam\u0131ndaki e\u011fitim seminerleri i\u00e7in Kastamonu \u00dcniversitesi Kuzeykent Yerle\u015fkesi\u2019nde yer alan Teknoloji Transfer Ofisi toplant\u0131 salonlar\u0131 kullan\u0131lacakt\u0131r. Toplant\u0131 salonlar\u0131 60 ki\u015fi kapasitelidir. Belirtilen toplant\u0131 salonlar\u0131nda, verilecek e\u011fitim ve \u00f6\u011fretim faaliyetlerinin desteklenmesi i\u00e7in gerekli her t\u00fcrl\u00fc teknik materyal ve elektronik &hellip; <\/p>\n","protected":false},"author":1,"featured_media":0,"parent":0,"menu_order":0,"comment_status":"closed","ping_status":"closed","template":"","meta":[],"_links":{"self":[{"href":"https:\/\/hipotezdenurune.com\/index.php?rest_route=\/wp\/v2\/pages\/16"}],"collection":[{"href":"https:\/\/hipotezdenurune.com\/index.php?rest_route=\/wp\/v2\/pages"}],"about":[{"href":"https:\/\/hipotezdenurune.com\/index.php?rest_route=\/wp\/v2\/types\/page"}],"author":[{"embeddable":true,"href":"https:\/\/hipotezdenurune.com\/index.php?rest_route=\/wp\/v2\/users\/1"}],"replies":[{"embeddable":true,"href":"https:\/\/hipotezdenurune.com\/index.php?rest_route=%2Fwp%2Fv2%2Fcomments&post=16"}],"version-history":[{"count":9,"href":"https:\/\/hipotezdenurune.com\/index.php?rest_route=\/wp\/v2\/pages\/16\/revisions"}],"predecessor-version":[{"id":706,"href":"https:\/\/hipotezdenurune.com\/index.php?rest_route=\/wp\/v2\/pages\/16\/revisions\/706"}],"wp:attachment":[{"href":"https:\/\/hipotezdenurune.com\/index.php?rest_route=%2Fwp%2Fv2%2Fmedia&parent=16"}],"curies":[{"name":"wp","href":"https:\/\/api.w.org\/{rel}","templated":true}]}}